{"id":1509,"date":"2024-01-09T18:16:54","date_gmt":"2024-01-09T18:16:54","guid":{"rendered":"https:\/\/dentalmesi.com\/sk\/?page_id=1509"},"modified":"2024-02-07T19:28:42","modified_gmt":"2024-02-07T19:28:42","slug":"dr-marek-mesi","status":"publish","type":"page","link":"https:\/\/dentalmesi.com\/sk\/o-nas\/dr-marek-mesi\/","title":{"rendered":"Dr. Marek Me\u0161i"},"content":{"rendered":"<p><div class=\"fusion-fullwidth fullwidth-box fusion-builder-row-1 fusion-flex-container has-pattern-background has-mask-background fusion-parallax-none nonhundred-percent-fullwidth non-hundred-percent-height-scrolling fusion-no-medium-visibility fusion-no-large-visibility lazyload\" style=\"--awb-background-position:center bottom;--awb-background-position-small:right center;--awb-border-radius-top-left:0px;--awb-border-radius-top-right:0px;--awb-border-radius-bottom-right:0px;--awb-border-radius-bottom-left:0px;--awb-padding-top:134px;--awb-padding-right:0px;--awb-padding-bottom:18px;--awb-padding-bottom-small:5%;--awb-padding-left-small:5%;--awb-margin-bottom:0px;--awb-background-color:var(--awb-color7);--awb-background-image:linear-gradient(180deg, rgba(28,28,28,0.34) 0%,rgba(28,28,28,0.56) 100%);;--awb-background-image-small:linear-gradient(180deg, rgba(28,28,28,0.34) 0%,rgba(28,28,28,0.56) 100%);;--awb-background-size:cover;--awb-background-size-small:cover;--awb-flex-wrap:wrap;\" data-bg=\"https:\/\/dentalmesi.com\/sk\/wp-content\/uploads\/sites\/3\/2023\/11\/dentalni-turizam-title-bg.jpg\" data-fusion-responsive-bg=\"1\" data-bg-small=\"https:\/\/dentalmesi.com\/sk\/wp-content\/uploads\/sites\/3\/2023\/10\/kontakt.jpg\" data-bg-gradient=\"linear-gradient(180deg, rgba(28,28,28,0.34) 0%,rgba(28,28,28,0.56) 100%)\" ><div class=\"fusion-builder-row fusion-row fusion-flex-align-items-flex-end fusion-flex-content-wrap\" style=\"max-width:1227.2px;margin-left: calc(-4% \/ 2 );margin-right: calc(-4% \/ 2 );\"><div class=\"fusion-layout-column fusion_builder_column fusion-builder-column-0 fusion-flex-column fusion-flex-align-self-flex-end\" style=\"--awb-bg-size:cover;--awb-width-large:50%;--awb-margin-top-large:0px;--awb-spacing-right-large:3.84%;--awb-margin-bottom-large:20px;--awb-spacing-left-large:3.84%;--awb-width-medium:50%;--awb-order-medium:0;--awb-spacing-right-medium:3.84%;--awb-spacing-left-medium:3.84%;--awb-width-small:100%;--awb-order-small:0;--awb-spacing-right-small:1.92%;--awb-spacing-left-small:1.92%;\"><div class=\"fusion-column-wrapper fusion-column-has-shadow fusion-flex-justify-content-flex-end fusion-content-layout-column\"><div class=\"fusion-title title fusion-title-1 fusion-sep-none fusion-title-text fusion-title-size-one\" style=\"--awb-text-color:var(--awb-color1);\"><h1 class=\"fusion-title-heading title-heading-left sm-text-align-center\" style=\"margin:0;\">Na\u0161 tim<\/h1><\/div><\/div><\/div><div class=\"fusion-layout-column fusion_builder_column fusion-builder-column-1 fusion-flex-column\" style=\"--awb-padding-top-small:0px;--awb-bg-size:cover;--awb-width-large:50%;--awb-margin-top-large:0px;--awb-spacing-right-large:3.84%;--awb-margin-bottom-large:20px;--awb-spacing-left-large:3.84%;--awb-width-medium:50%;--awb-order-medium:0;--awb-spacing-right-medium:3.84%;--awb-spacing-left-medium:3.84%;--awb-width-small:100%;--awb-order-small:0;--awb-margin-top-small:-30px;--awb-spacing-right-small:1.92%;--awb-spacing-left-small:1.92%;\"><div class=\"fusion-column-wrapper fusion-column-has-shadow fusion-flex-justify-content-flex-start fusion-content-layout-column\"><nav class=\"fusion-breadcrumbs awb-yoast-breadcrumbs fusion-breadcrumbs-1\" style=\"--awb-margin-bottom:20px;--awb-alignment:center;--awb-font-size:17px;--awb-text-color:#f2f2f2;--awb-breadcrumb-sep:&#039;\/&#039;;text-align:center;\" aria-label=\"Breadcrumb\"><span><span><a href=\"https:\/\/dentalmesi.com\/sk\/\">Po\u010detna<\/a><\/span><\/span><\/nav><\/div><\/div><\/div><\/div><div class=\"fusion-fullwidth fullwidth-box fusion-builder-row-2 fusion-flex-container has-pattern-background has-mask-background fusion-parallax-none nonhundred-percent-fullwidth non-hundred-percent-height-scrolling fusion-no-small-visibility fusion-no-medium-visibility lazyload\" style=\"--awb-background-position:center bottom;--awb-border-radius-top-left:0px;--awb-border-radius-top-right:0px;--awb-border-radius-bottom-right:0px;--awb-border-radius-bottom-left:0px;--awb-padding-top:134px;--awb-padding-right:0px;--awb-padding-bottom:18px;--awb-margin-bottom:0px;--awb-background-color:var(--awb-color7);--awb-background-image:linear-gradient(180deg, rgba(28,28,28,0.34) 0%,rgba(28,28,28,0.56) 100%);;--awb-background-size:cover;--awb-flex-wrap:wrap;\" data-bg=\"https:\/\/dentalmesi.com\/sk\/wp-content\/uploads\/sites\/3\/2023\/11\/dentalni-turizam-title-bg.jpg\" data-bg-gradient=\"linear-gradient(180deg, rgba(28,28,28,0.34) 0%,rgba(28,28,28,0.56) 100%)\" ><div class=\"fusion-builder-row fusion-row fusion-flex-align-items-flex-end fusion-flex-content-wrap\" style=\"max-width:1227.2px;margin-left: calc(-4% \/ 2 );margin-right: calc(-4% \/ 2 );\"><div class=\"fusion-layout-column fusion_builder_column fusion-builder-column-2 fusion-flex-column fusion-flex-align-self-flex-end\" style=\"--awb-bg-size:cover;--awb-width-large:50%;--awb-margin-top-large:0px;--awb-spacing-right-large:3.84%;--awb-margin-bottom-large:20px;--awb-spacing-left-large:3.84%;--awb-width-medium:50%;--awb-order-medium:0;--awb-spacing-right-medium:3.84%;--awb-spacing-left-medium:3.84%;--awb-width-small:100%;--awb-order-small:0;--awb-spacing-right-small:1.92%;--awb-spacing-left-small:1.92%;\"><div class=\"fusion-column-wrapper fusion-column-has-shadow fusion-flex-justify-content-flex-end fusion-content-layout-column\"><div class=\"fusion-title title fusion-title-2 fusion-sep-none fusion-title-text fusion-title-size-one\" style=\"--awb-text-color:var(--awb-color1);\"><h1 class=\"fusion-title-heading title-heading-left\" style=\"margin:0;\">Na\u0161 tim<\/h1><\/div><\/div><\/div><div class=\"fusion-layout-column fusion_builder_column fusion-builder-column-3 fusion-flex-column\" style=\"--awb-bg-size:cover;--awb-width-large:50%;--awb-margin-top-large:0px;--awb-spacing-right-large:3.84%;--awb-margin-bottom-large:20px;--awb-spacing-left-large:3.84%;--awb-width-medium:50%;--awb-order-medium:0;--awb-spacing-right-medium:3.84%;--awb-spacing-left-medium:3.84%;--awb-width-small:100%;--awb-order-small:0;--awb-spacing-right-small:1.92%;--awb-spacing-left-small:1.92%;\"><div class=\"fusion-column-wrapper fusion-column-has-shadow fusion-flex-justify-content-flex-start fusion-content-layout-column\"><nav class=\"fusion-breadcrumbs awb-yoast-breadcrumbs fusion-breadcrumbs-2\" style=\"--awb-margin-bottom:20px;--awb-alignment:right;--awb-font-size:17px;--awb-text-color:#f2f2f2;--awb-breadcrumb-sep:&#039;\/&#039;;text-align:right;\" aria-label=\"Breadcrumb\"><span><span><a href=\"https:\/\/dentalmesi.com\/sk\/\">Po\u010detna<\/a><\/span><\/span><\/nav><\/div><\/div><\/div><\/div><div class=\"fusion-fullwidth fullwidth-box fusion-builder-row-3 fusion-flex-container has-pattern-background has-mask-background nonhundred-percent-fullwidth non-hundred-percent-height-scrolling\" style=\"--awb-border-radius-top-left:0px;--awb-border-radius-top-right:0px;--awb-border-radius-bottom-right:0px;--awb-border-radius-bottom-left:0px;--awb-padding-top:50px;--awb-padding-right:0px;--awb-padding-bottom:93px;--awb-padding-left:0px;--awb-padding-top-small:0px;--awb-padding-right-small:5%;--awb-padding-bottom-small:57px;--awb-padding-left-small:5%;--awb-margin-top:93px;--awb-margin-top-small:60px;--awb-flex-wrap:wrap;\" ><div class=\"fusion-builder-row fusion-row fusion-flex-align-items-flex-start fusion-flex-content-wrap\" style=\"max-width:1227.2px;margin-left: calc(-4% \/ 2 );margin-right: calc(-4% \/ 2 );\"><div class=\"fusion-layout-column fusion_builder_column fusion-builder-column-4 fusion_builder_column_1_2 1_2 fusion-flex-column\" style=\"--awb-bg-size:cover;--awb-width-large:50%;--awb-margin-top-large:0px;--awb-spacing-right-large:3.84%;--awb-margin-bottom-large:20px;--awb-spacing-left-large:3.84%;--awb-width-medium:50%;--awb-order-medium:0;--awb-spacing-right-medium:3.84%;--awb-spacing-left-medium:3.84%;--awb-width-small:100%;--awb-order-small:0;--awb-spacing-right-small:1.92%;--awb-spacing-left-small:1.92%;\"><div class=\"fusion-column-wrapper fusion-column-has-shadow fusion-flex-justify-content-flex-start fusion-content-layout-column\"><div class=\"fusion-image-element \" style=\"--awb-aspect-ratio: 100 \/ 118;--awb-caption-title-font-family:var(--h2_typography-font-family);--awb-caption-title-font-weight:var(--h2_typography-font-weight);--awb-caption-title-font-style:var(--h2_typography-font-style);--awb-caption-title-size:var(--h2_typography-font-size);--awb-caption-title-transform:var(--h2_typography-text-transform);--awb-caption-title-line-height:var(--h2_typography-line-height);--awb-caption-title-letter-spacing:var(--h2_typography-letter-spacing);\"><span class=\" fusion-imageframe imageframe-none imageframe-1 hover-type-none has-aspect-ratio\"><img decoding=\"async\" width=\"1024\" height=\"935\" alt=\"doktor dentalne medicine, dr. Marek Me\u0161i, DentalMe\u0161i\" title=\"marekmesi\" src=\"https:\/\/dentalmesi.com\/sk\/wp-content\/uploads\/sites\/3\/2023\/10\/marekmesi.jpg\" data-orig-src=\"https:\/\/dentalmesi.com\/sk\/wp-content\/uploads\/sites\/3\/2023\/10\/marekmesi.jpg\" class=\"lazyload img-responsive wp-image-709 img-with-aspect-ratio\" data-parent-fit=\"cover\" data-parent-container=\".fusion-image-element\" srcset=\"data:image\/svg+xml,%3Csvg%20xmlns%3D%27http%3A%2F%2Fwww.w3.org%2F2000%2Fsvg%27%20width%3D%271024%27%20height%3D%27935%27%20viewBox%3D%270%200%201024%20935%27%3E%3Crect%20width%3D%271024%27%20height%3D%27935%27%20fill-opacity%3D%220%22%2F%3E%3C%2Fsvg%3E\" data-srcset=\"https:\/\/dentalmesi.com\/sk\/wp-content\/uploads\/sites\/3\/2023\/10\/marekmesi-200x183.jpg 200w, https:\/\/dentalmesi.com\/sk\/wp-content\/uploads\/sites\/3\/2023\/10\/marekmesi-400x365.jpg 400w, https:\/\/dentalmesi.com\/sk\/wp-content\/uploads\/sites\/3\/2023\/10\/marekmesi-600x548.jpg 600w, https:\/\/dentalmesi.com\/sk\/wp-content\/uploads\/sites\/3\/2023\/10\/marekmesi-800x730.jpg 800w, https:\/\/dentalmesi.com\/sk\/wp-content\/uploads\/sites\/3\/2023\/10\/marekmesi.jpg 1024w\" data-sizes=\"auto\" data-orig-sizes=\"(max-width: 640px) 100vw, 600px\" \/><\/span><\/div><\/div><\/div><div class=\"fusion-layout-column fusion_builder_column fusion-builder-column-5 fusion_builder_column_1_2 1_2 fusion-flex-column fusion-flex-align-self-center\" style=\"--awb-bg-size:cover;--awb-width-large:50%;--awb-margin-top-large:0px;--awb-spacing-right-large:3.84%;--awb-margin-bottom-large:20px;--awb-spacing-left-large:3.84%;--awb-width-medium:50%;--awb-order-medium:0;--awb-spacing-right-medium:3.84%;--awb-spacing-left-medium:3.84%;--awb-width-small:100%;--awb-order-small:0;--awb-spacing-right-small:1.92%;--awb-spacing-left-small:1.92%;\"><div class=\"fusion-column-wrapper fusion-column-has-shadow fusion-flex-justify-content-center fusion-content-layout-column\"><div class=\"fusion-title title fusion-title-3 fusion-sep-none fusion-title-text fusion-title-size-one\"><h1 class=\"fusion-title-heading title-heading-left\" style=\"margin:0;\">Dr. Marek Me\u0161i<\/h1><\/div><div class=\"fusion-title title fusion-title-4 fusion-sep-none fusion-title-text fusion-title-size-paragraph\"><p class=\"fusion-title-heading title-heading-left title-heading-tag\" style=\"margin:0;\">Doktor zubn\u00e9ho lek\u00e1rstva<\/p><\/div><div class=\"fusion-separator fusion-full-width-sep\" style=\"align-self: center;margin-left: auto;margin-right: auto;margin-top:-5px;margin-bottom:30px;width:100%;\"><div class=\"fusion-separator-border sep-single sep-solid\" style=\"--awb-height:20px;--awb-amount:20px;border-color:var(--awb-color3);border-top-width:1px;\"><\/div><\/div><div class=\"fusion-text fusion-text-1\" style=\"--awb-text-color:var(--awb-color7);\"><p>Po skon\u010den\u00ed strednej \u0161koly v B\u00e1\u010dskom Petrovci sa prihl\u00e1sil na \u0161t\u00fadium zubn\u00e9ho <span style=\"color: var(--awb-text-color); font-family: var(--awb-text-font-family); font-size: var(--awb-font-size); font-style: var(--awb-text-font-style); font-weight: var(--awb-text-font-weight); letter-spacing: var(--awb-letter-spacing); text-align: var(--awb-content-alignment); text-transform: var(--awb-text-transform); background-color: var(--awb-bg-color-hover);\">lek\u00e1rstva na Lek\u00e1rskej fakulte v Novom Sade, kde obh\u00e1jil doplomov\u00fa pr\u00e1cu v odbore <\/span><span style=\"color: var(--awb-text-color); font-family: var(--awb-text-font-family); font-size: var(--awb-font-size); font-style: var(--awb-text-font-style); font-weight: var(--awb-text-font-weight); letter-spacing: var(--awb-letter-spacing); text-align: var(--awb-content-alignment); text-transform: var(--awb-text-transform); background-color: var(--awb-bg-color-hover);\">parodontol\u00f3gia s najvy\u0161\u0161ou zn\u00e1mkou.<\/span><\/p>\n<p>Marek sa na za\u010diatku svojej kari\u00e9ry venuje prevencii a lie\u010dbe ochoren\u00ed zubnej drene a <span style=\"color: var(--awb-text-color); font-family: var(--awb-text-font-family); font-size: var(--awb-font-size); font-style: var(--awb-text-font-style); font-weight: var(--awb-text-font-weight); letter-spacing: var(--awb-letter-spacing); text-align: var(--awb-content-alignment); text-transform: var(--awb-text-transform); background-color: var(--awb-bg-color-hover);\">na\u010falej sa vzdel\u00e1va vo v\u0161etk\u00fdch oblastiach stomatol\u00f3gie.<\/span><\/p>\n<\/div><\/div><\/div><\/div><\/div><\/p>\n","protected":false},"excerpt":{"rendered":"","protected":false},"author":1,"featured_media":709,"parent":657,"menu_order":0,"comment_status":"closed","ping_status":"closed","template":"100-width.php","meta":{"footnotes":""},"class_list":["post-1509","page","type-page","status-publish","has-post-thumbnail","hentry"],"yoast_head":"<!-- This site is optimized with the Yoast SEO plugin v27.4 - https:\/\/yoast.com\/product\/yoast-seo-wordpress\/ -->\n<title>Dr. Marek Me\u0161i - Zubn\u00e1 ambulancia &quot;Dental Me\u0161i&quot;<\/title>\n<meta name=\"robots\" content=\"index, follow, max-snippet:-1, max-image-preview:large, max-video-preview:-1\" \/>\n<link rel=\"canonical\" href=\"https:\/\/dentalmesi.com\/sk\/o-nas\/dr-marek-mesi\/\" \/>\n<meta property=\"og:locale\" content=\"en_US\" \/>\n<meta property=\"og:type\" content=\"article\" \/>\n<meta property=\"og:title\" content=\"Dr. Marek Me\u0161i - Zubn\u00e1 ambulancia &quot;Dental Me\u0161i&quot;\" \/>\n<meta property=\"og:url\" content=\"https:\/\/dentalmesi.com\/sk\/o-nas\/dr-marek-mesi\/\" \/>\n<meta property=\"og:site_name\" content=\"Zubn\u00e1 ambulancia &quot;Dental Me\u0161i&quot;\" \/>\n<meta property=\"article:publisher\" content=\"https:\/\/www.facebook.com\/dranamesi\" \/>\n<meta property=\"article:modified_time\" content=\"2024-02-07T19:28:42+00:00\" \/>\n<meta property=\"og:image\" content=\"https:\/\/dentalmesi.com\/sk\/wp-content\/uploads\/sites\/3\/2023\/10\/marekmesi.jpg\" \/>\n\t<meta property=\"og:image:width\" content=\"1024\" \/>\n\t<meta property=\"og:image:height\" content=\"935\" \/>\n\t<meta property=\"og:image:type\" content=\"image\/jpeg\" \/>\n<meta name=\"twitter:card\" content=\"summary_large_image\" \/>\n<meta name=\"twitter:label1\" content=\"Est. reading time\" \/>\n\t<meta name=\"twitter:data1\" content=\"4 minutes\" \/>\n<script type=\"application\/ld+json\" class=\"yoast-schema-graph\">{\"@context\":\"https:\\\/\\\/schema.org\",\"@graph\":[{\"@type\":\"WebPage\",\"@id\":\"https:\\\/\\\/dentalmesi.com\\\/sk\\\/o-nas\\\/dr-marek-mesi\\\/\",\"url\":\"https:\\\/\\\/dentalmesi.com\\\/sk\\\/o-nas\\\/dr-marek-mesi\\\/\",\"name\":\"Dr. Marek Me\u0161i - Zubn\u00e1 ambulancia &quot;Dental Me\u0161i&quot;\",\"isPartOf\":{\"@id\":\"https:\\\/\\\/dentalmesi.com\\\/sk\\\/#website\"},\"primaryImageOfPage\":{\"@id\":\"https:\\\/\\\/dentalmesi.com\\\/sk\\\/o-nas\\\/dr-marek-mesi\\\/#primaryimage\"},\"image\":{\"@id\":\"https:\\\/\\\/dentalmesi.com\\\/sk\\\/o-nas\\\/dr-marek-mesi\\\/#primaryimage\"},\"thumbnailUrl\":\"https:\\\/\\\/dentalmesi.com\\\/sk\\\/wp-content\\\/uploads\\\/sites\\\/3\\\/2023\\\/10\\\/marekmesi.jpg\",\"datePublished\":\"2024-01-09T18:16:54+00:00\",\"dateModified\":\"2024-02-07T19:28:42+00:00\",\"breadcrumb\":{\"@id\":\"https:\\\/\\\/dentalmesi.com\\\/sk\\\/o-nas\\\/dr-marek-mesi\\\/#breadcrumb\"},\"inLanguage\":\"en-US\",\"potentialAction\":[{\"@type\":\"ReadAction\",\"target\":[\"https:\\\/\\\/dentalmesi.com\\\/sk\\\/o-nas\\\/dr-marek-mesi\\\/\"]}]},{\"@type\":\"ImageObject\",\"inLanguage\":\"en-US\",\"@id\":\"https:\\\/\\\/dentalmesi.com\\\/sk\\\/o-nas\\\/dr-marek-mesi\\\/#primaryimage\",\"url\":\"https:\\\/\\\/dentalmesi.com\\\/sk\\\/wp-content\\\/uploads\\\/sites\\\/3\\\/2023\\\/10\\\/marekmesi.jpg\",\"contentUrl\":\"https:\\\/\\\/dentalmesi.com\\\/sk\\\/wp-content\\\/uploads\\\/sites\\\/3\\\/2023\\\/10\\\/marekmesi.jpg\",\"width\":1024,\"height\":935,\"caption\":\"doktor dentalne medicine, dr. Marek Me\u0161i, DentalMe\u0161i\"},{\"@type\":\"BreadcrumbList\",\"@id\":\"https:\\\/\\\/dentalmesi.com\\\/sk\\\/o-nas\\\/dr-marek-mesi\\\/#breadcrumb\",\"itemListElement\":[{\"@type\":\"ListItem\",\"position\":1,\"name\":\"Po\u010detna\",\"item\":\"https:\\\/\\\/dentalmesi.com\\\/sk\\\/\"},{\"@type\":\"ListItem\",\"position\":2,\"name\":\"O n\u00e1s\",\"item\":\"https:\\\/\\\/dentalmesi.com\\\/sk\\\/o-nas\\\/\"},{\"@type\":\"ListItem\",\"position\":3,\"name\":\"Dr. Marek Me\u0161i\"}]},{\"@type\":\"WebSite\",\"@id\":\"https:\\\/\\\/dentalmesi.com\\\/sk\\\/#website\",\"url\":\"https:\\\/\\\/dentalmesi.com\\\/sk\\\/\",\"name\":\"Stomatolo\u0161ka ordinacija Dr Ana Me\u0161i - Kisa\u010d\",\"description\":\"Zubn\u00e1 ambulancia\",\"potentialAction\":[{\"@type\":\"SearchAction\",\"target\":{\"@type\":\"EntryPoint\",\"urlTemplate\":\"https:\\\/\\\/dentalmesi.com\\\/sk\\\/?s={search_term_string}\"},\"query-input\":{\"@type\":\"PropertyValueSpecification\",\"valueRequired\":true,\"valueName\":\"search_term_string\"}}],\"inLanguage\":\"en-US\"}]}<\/script>\n<!-- \/ Yoast SEO plugin. -->","yoast_head_json":{"title":"Dr. Marek Me\u0161i - Zubn\u00e1 ambulancia &quot;Dental Me\u0161i&quot;","robots":{"index":"index","follow":"follow","max-snippet":"max-snippet:-1","max-image-preview":"max-image-preview:large","max-video-preview":"max-video-preview:-1"},"canonical":"https:\/\/dentalmesi.com\/sk\/o-nas\/dr-marek-mesi\/","og_locale":"en_US","og_type":"article","og_title":"Dr. Marek Me\u0161i - Zubn\u00e1 ambulancia &quot;Dental Me\u0161i&quot;","og_url":"https:\/\/dentalmesi.com\/sk\/o-nas\/dr-marek-mesi\/","og_site_name":"Zubn\u00e1 ambulancia &quot;Dental Me\u0161i&quot;","article_publisher":"https:\/\/www.facebook.com\/dranamesi","article_modified_time":"2024-02-07T19:28:42+00:00","og_image":[{"width":1024,"height":935,"url":"https:\/\/dentalmesi.com\/sk\/wp-content\/uploads\/sites\/3\/2023\/10\/marekmesi.jpg","type":"image\/jpeg"}],"twitter_card":"summary_large_image","twitter_misc":{"Est. reading time":"4 minutes"},"schema":{"@context":"https:\/\/schema.org","@graph":[{"@type":"WebPage","@id":"https:\/\/dentalmesi.com\/sk\/o-nas\/dr-marek-mesi\/","url":"https:\/\/dentalmesi.com\/sk\/o-nas\/dr-marek-mesi\/","name":"Dr. Marek Me\u0161i - Zubn\u00e1 ambulancia &quot;Dental Me\u0161i&quot;","isPartOf":{"@id":"https:\/\/dentalmesi.com\/sk\/#website"},"primaryImageOfPage":{"@id":"https:\/\/dentalmesi.com\/sk\/o-nas\/dr-marek-mesi\/#primaryimage"},"image":{"@id":"https:\/\/dentalmesi.com\/sk\/o-nas\/dr-marek-mesi\/#primaryimage"},"thumbnailUrl":"https:\/\/dentalmesi.com\/sk\/wp-content\/uploads\/sites\/3\/2023\/10\/marekmesi.jpg","datePublished":"2024-01-09T18:16:54+00:00","dateModified":"2024-02-07T19:28:42+00:00","breadcrumb":{"@id":"https:\/\/dentalmesi.com\/sk\/o-nas\/dr-marek-mesi\/#breadcrumb"},"inLanguage":"en-US","potentialAction":[{"@type":"ReadAction","target":["https:\/\/dentalmesi.com\/sk\/o-nas\/dr-marek-mesi\/"]}]},{"@type":"ImageObject","inLanguage":"en-US","@id":"https:\/\/dentalmesi.com\/sk\/o-nas\/dr-marek-mesi\/#primaryimage","url":"https:\/\/dentalmesi.com\/sk\/wp-content\/uploads\/sites\/3\/2023\/10\/marekmesi.jpg","contentUrl":"https:\/\/dentalmesi.com\/sk\/wp-content\/uploads\/sites\/3\/2023\/10\/marekmesi.jpg","width":1024,"height":935,"caption":"doktor dentalne medicine, dr. Marek Me\u0161i, DentalMe\u0161i"},{"@type":"BreadcrumbList","@id":"https:\/\/dentalmesi.com\/sk\/o-nas\/dr-marek-mesi\/#breadcrumb","itemListElement":[{"@type":"ListItem","position":1,"name":"Po\u010detna","item":"https:\/\/dentalmesi.com\/sk\/"},{"@type":"ListItem","position":2,"name":"O n\u00e1s","item":"https:\/\/dentalmesi.com\/sk\/o-nas\/"},{"@type":"ListItem","position":3,"name":"Dr. Marek Me\u0161i"}]},{"@type":"WebSite","@id":"https:\/\/dentalmesi.com\/sk\/#website","url":"https:\/\/dentalmesi.com\/sk\/","name":"Stomatolo\u0161ka ordinacija Dr Ana Me\u0161i - Kisa\u010d","description":"Zubn\u00e1 ambulancia","potentialAction":[{"@type":"SearchAction","target":{"@type":"EntryPoint","urlTemplate":"https:\/\/dentalmesi.com\/sk\/?s={search_term_string}"},"query-input":{"@type":"PropertyValueSpecification","valueRequired":true,"valueName":"search_term_string"}}],"inLanguage":"en-US"}]}},"_links":{"self":[{"href":"https:\/\/dentalmesi.com\/sk\/wp-json\/wp\/v2\/pages\/1509","targetHints":{"allow":["GET"]}}],"collection":[{"href":"https:\/\/dentalmesi.com\/sk\/wp-json\/wp\/v2\/pages"}],"about":[{"href":"https:\/\/dentalmesi.com\/sk\/wp-json\/wp\/v2\/types\/page"}],"author":[{"embeddable":true,"href":"https:\/\/dentalmesi.com\/sk\/wp-json\/wp\/v2\/users\/1"}],"replies":[{"embeddable":true,"href":"https:\/\/dentalmesi.com\/sk\/wp-json\/wp\/v2\/comments?post=1509"}],"version-history":[{"count":3,"href":"https:\/\/dentalmesi.com\/sk\/wp-json\/wp\/v2\/pages\/1509\/revisions"}],"predecessor-version":[{"id":1786,"href":"https:\/\/dentalmesi.com\/sk\/wp-json\/wp\/v2\/pages\/1509\/revisions\/1786"}],"up":[{"embeddable":true,"href":"https:\/\/dentalmesi.com\/sk\/wp-json\/wp\/v2\/pages\/657"}],"wp:featuredmedia":[{"embeddable":true,"href":"https:\/\/dentalmesi.com\/sk\/wp-json\/wp\/v2\/media\/709"}],"wp:attachment":[{"href":"https:\/\/dentalmesi.com\/sk\/wp-json\/wp\/v2\/media?parent=1509"}],"curies":[{"name":"wp","href":"https:\/\/api.w.org\/{rel}","templated":true}]}}