{"id":1338,"date":"2023-11-24T17:35:07","date_gmt":"2023-11-24T17:35:07","guid":{"rendered":"https:\/\/dentalmesi.com\/sk\/?page_id=1338"},"modified":"2024-02-07T19:16:55","modified_gmt":"2024-02-07T19:16:55","slug":"implantologia","status":"publish","type":"page","link":"https:\/\/dentalmesi.com\/sk\/sluzby\/implantologia\/","title":{"rendered":"Implantol\u00f3gia"},"content":{"rendered":"<p><div class=\"fusion-fullwidth fullwidth-box fusion-builder-row-1 fusion-flex-container has-pattern-background has-mask-background fusion-parallax-none hundred-percent-fullwidth non-hundred-percent-height-scrolling lazyload\" style=\"--awb-background-position:center bottom;--awb-border-radius-top-left:0px;--awb-border-radius-top-right:0px;--awb-border-radius-bottom-right:0px;--awb-border-radius-bottom-left:0px;--awb-padding-top:122px;--awb-padding-right:0px;--awb-padding-bottom:104px;--awb-margin-top:96px;--awb-margin-top-small:60px;--awb-background-color:var(--awb-color6);--awb-background-image:linear-gradient(220deg, #383838 0%,rgba(48,48,48,0.3) 100%);;--awb-background-size:cover;--awb-flex-wrap:wrap;\" data-bg=\"https:\/\/dentalmesi.com\/sk\/wp-content\/uploads\/sites\/3\/2023\/11\/implantologija.jpg\" data-bg-gradient=\"linear-gradient(220deg, #383838 0%,rgba(48,48,48,0.3) 100%)\" ><div class=\"fusion-builder-row fusion-row fusion-flex-align-items-flex-start fusion-flex-justify-content-center fusion-flex-content-wrap\" style=\"width:104% !important;max-width:104% !important;margin-left: calc(-4% \/ 2 );margin-right: calc(-4% \/ 2 );\"><div class=\"fusion-layout-column fusion_builder_column fusion-builder-column-0 fusion_builder_column_1_1 1_1 fusion-flex-column\" style=\"--awb-bg-size:cover;--awb-width-large:100%;--awb-margin-top-large:0px;--awb-spacing-right-large:1.92%;--awb-margin-bottom-large:20px;--awb-spacing-left-large:1.92%;--awb-width-medium:100%;--awb-order-medium:0;--awb-spacing-right-medium:1.92%;--awb-spacing-left-medium:1.92%;--awb-width-small:100%;--awb-order-small:0;--awb-spacing-right-small:1.92%;--awb-spacing-left-small:1.92%;\"><div class=\"fusion-column-wrapper fusion-column-has-shadow fusion-flex-justify-content-flex-start fusion-content-layout-column\"><div class=\"fusion-title title fusion-title-1 fusion-sep-none fusion-title-center fusion-title-text fusion-title-size-one\" style=\"--awb-text-color:var(--awb-color1);--awb-margin-top:0px;--awb-margin-bottom:0px;--awb-font-size:40px;\"><h1 class=\"fusion-title-heading title-heading-center\" style=\"margin:0;font-size:1em;\">Implantol\u00f3gia<\/h1><\/div><\/div><\/div><\/div><\/div><div class=\"fusion-fullwidth fullwidth-box fusion-builder-row-2 fusion-flex-container has-pattern-background has-mask-background nonhundred-percent-fullwidth non-hundred-percent-height-scrolling\" style=\"--awb-border-radius-top-left:0px;--awb-border-radius-top-right:0px;--awb-border-radius-bottom-right:0px;--awb-border-radius-bottom-left:0px;--awb-padding-top:0px;--awb-padding-right-small:30px;--awb-padding-left-small:30px;--awb-margin-top:0px;--awb-background-size:cover;--awb-flex-wrap:wrap;\" ><div class=\"fusion-builder-row fusion-row fusion-flex-align-items-flex-start fusion-flex-content-wrap\" style=\"max-width:1227.2px;margin-left: calc(-4% \/ 2 );margin-right: calc(-4% \/ 2 );\"><div class=\"fusion-layout-column fusion_builder_column fusion-builder-column-1 fusion-flex-column\" style=\"--awb-padding-top:44px;--awb-bg-size:cover;--awb-width-large:73%;--awb-margin-top-large:28px;--awb-spacing-right-large:4.9972602739726%;--awb-margin-bottom-large:20px;--awb-spacing-left-large:4.8657534246575%;--awb-width-medium:73%;--awb-order-medium:0;--awb-spacing-right-medium:4.9972602739726%;--awb-spacing-left-medium:4.8657534246575%;--awb-width-small:100%;--awb-order-small:0;--awb-spacing-right-small:1.92%;--awb-spacing-left-small:1.92%;\" id=\"uvod\"><div class=\"fusion-column-wrapper fusion-column-has-shadow fusion-flex-justify-content-flex-start fusion-content-layout-column\"><div class=\"fusion-title title fusion-title-2 fusion-sep-none fusion-title-text fusion-title-size-two\" style=\"--awb-margin-bottom:20px;--awb-font-size:37px;\"><h2 class=\"fusion-title-heading title-heading-left\" style=\"margin:0;font-size:1em;\">Implantol\u00f3gia<\/h2><\/div><div class=\"fusion-separator fusion-full-width-sep\" style=\"align-self: center;margin-left: auto;margin-right: auto;margin-bottom:30px;width:100%;\"><div class=\"fusion-separator-border sep-single sep-solid\" style=\"--awb-height:20px;--awb-amount:20px;border-color:var(--awb-color3);border-top-width:1px;\"><\/div><\/div><div class=\"fusion-image-element \" style=\"--awb-aspect-ratio:16 \/ 9;--awb-object-position:46% 52%;--awb-caption-title-font-family:var(--h2_typography-font-family);--awb-caption-title-font-weight:var(--h2_typography-font-weight);--awb-caption-title-font-style:var(--h2_typography-font-style);--awb-caption-title-size:var(--h2_typography-font-size);--awb-caption-title-transform:var(--h2_typography-text-transform);--awb-caption-title-line-height:var(--h2_typography-line-height);--awb-caption-title-letter-spacing:var(--h2_typography-letter-spacing);\"><span class=\" fusion-imageframe imageframe-none imageframe-1 hover-type-none has-aspect-ratio\"><img decoding=\"async\" width=\"798\" height=\"447\" title=\"implantologija1\" src=\"https:\/\/dentalmesi.com\/sk\/wp-content\/uploads\/sites\/3\/2023\/11\/implantologija1.jpg\" data-orig-src=\"https:\/\/dentalmesi.com\/sk\/wp-content\/uploads\/sites\/3\/2023\/11\/implantologija1.jpg\" class=\"lazyload img-responsive wp-image-1342 img-with-aspect-ratio\" data-parent-fit=\"cover\" data-parent-container=\".fusion-image-element\" alt srcset=\"data:image\/svg+xml,%3Csvg%20xmlns%3D%27http%3A%2F%2Fwww.w3.org%2F2000%2Fsvg%27%20width%3D%27798%27%20height%3D%27447%27%20viewBox%3D%270%200%20798%20447%27%3E%3Crect%20width%3D%27798%27%20height%3D%27447%27%20fill-opacity%3D%220%22%2F%3E%3C%2Fsvg%3E\" data-srcset=\"https:\/\/dentalmesi.com\/sk\/wp-content\/uploads\/sites\/3\/2023\/11\/implantologija1-200x112.jpg 200w, https:\/\/dentalmesi.com\/sk\/wp-content\/uploads\/sites\/3\/2023\/11\/implantologija1-400x224.jpg 400w, https:\/\/dentalmesi.com\/sk\/wp-content\/uploads\/sites\/3\/2023\/11\/implantologija1-600x336.jpg 600w, https:\/\/dentalmesi.com\/sk\/wp-content\/uploads\/sites\/3\/2023\/11\/implantologija1.jpg 798w\" data-sizes=\"auto\" data-orig-sizes=\"(max-width: 640px) 100vw, 798px\" \/><\/span><\/div><div class=\"fusion-text fusion-text-1\" style=\"--awb-text-transform:none;--awb-text-color:var(--awb-color8);--awb-margin-top:20px;\"><p>Implant\u00e1t je tit\u00e1nov\u00e1 skrutka, ktor\u00e1 je vnoren\u00e1 do kosti a sl\u00fa\u017ei ako n\u00e1hrada kore\u0148a zuba. Implant\u00e1t sa in\u0161taluje do \u010de\u013euste pomocou minim\u00e1lne invaz\u00edvneho chirurgick\u00e9ho z\u00e1kroku s lok\u00e1lnou anest\u00e9zou. Po 3-4 mesiacoch hojenia sa na implant\u00e1t umiestnia protetick\u00e9 n\u00e1hrady, ktor\u00e9 nahradia zubn\u00fa korunku. Implant\u00e1ty m\u00f4\u017eu kompenzova\u0165 stratu jedn\u00e9ho alebo viacer\u00fdch zubov a \u010dasto sa pou\u017e\u00edvaj\u00fa pri kompletn\u00fdch rekon\u0161trukci\u00e1ch \u00faplnej straty zubov ako podpery pre fixn\u00e9 a mobiln\u00e9 protetick\u00e9 pr\u00e1ce.<\/p>\n<p>Po umiestnen\u00ed, pri spr\u00e1vnej a pravidelnej \u00fadr\u017ebe \u00fastnej hygieny, m\u00f4\u017ee implant\u00e1t zosta\u0165 na svojom mieste po cel\u00fd \u017eivot. V pr\u00edpade potreby je mo\u017en\u00e9 protetick\u00e9 nadstavce odstr\u00e1ni\u0165 a vymeni\u0165.<\/p>\n<\/div><div class=\"fusion-title title fusion-title-3 fusion-sep-none fusion-title-text fusion-title-size-two\" style=\"--awb-margin-top:35px;--awb-font-size:27px;\"><h2 class=\"fusion-title-heading title-heading-left\" style=\"margin:0;font-size:1em;\">PROTETICK\u00c9 PR\u00c1CE NA LOK\u00c1TOROCH<\/h2><\/div><div class=\"fusion-text fusion-text-2 fusion-text-no-margin\" style=\"--awb-text-transform:none;--awb-text-color:var(--awb-color8);--awb-margin-top:20px;--awb-margin-bottom:30px;--awb-margin-left:45PX;\"><p>Na u\u013eah\u010denie nosenia tot\u00e1lnej prot\u00e9zy sa pacientom odpor\u00fa\u010da umiestni\u0165 aspo\u0148 2 implant\u00e1ty, na ktor\u00fdch s\u00fa fixovan\u00e9 lok\u00e1tory. Lok\u00e1tory s\u00fa reten\u010dn\u00e9 prvky, ktor\u00e9 zlep\u0161uj\u00fa dr\u017eanie prot\u00e9zy. Na rozdiel od klasick\u00fdch zubn\u00fdch prot\u00e9z s\u00fa prot\u00e9zy na lok\u00e1toroch stabilnej\u0161ie a pohodlnej\u0161ie. To je d\u00f4le\u017eit\u00e9 najm\u00e4 pre doln\u00fa \u010de\u013eus\u0165, preto\u017ee tak\u00e9to prot\u00e9zy sa \u0165a\u017e\u0161ie nosia. \u010eal\u0161ou v\u00fdhodou je jednoduch\u0161ie udr\u017eiavanie hygieny pri tomto type pr\u00e1ce. Ak chcete nahradi\u0165 straten\u00e9 zuby, nev\u00e1hajte n\u00e1s kontaktova\u0165! N\u00e1jdeme pre V\u00e1s ide\u00e1lne rie\u0161enie a vypadnut\u00e9 zuby nahrad\u00edme kvalitn\u00fdmi, modern\u00fdmi materi\u00e1lmi s dlhou \u017eivotnos\u0165ou.<\/p>\n<p>V\u0161etky proced\u00fary bud\u00fa \u00faplne bezbolestn\u00e9 a v s\u00falade s najvy\u0161\u0161\u00edmi \u0161tandardmi zubnej vedy.<\/p>\n<\/div><div class=\"fusion-separator fusion-full-width-sep\" style=\"align-self: center;margin-left: auto;margin-right: auto;margin-bottom:30px;width:100%;\"><div class=\"fusion-separator-border sep-single sep-solid\" style=\"--awb-height:20px;--awb-amount:20px;border-color:var(--awb-color3);border-top-width:1px;\"><\/div><\/div><div class=\"fusion-text fusion-text-3\" style=\"--awb-text-transform:none;--awb-margin-top:20px;\"><p>Pre v\u0161etky ot\u00e1zky a konzult\u00e1cie je tu <b>V\u00e1\u0161 t\u00edm zubnej <a style=\"color: #da4167;\" href=\"\/sk\/kontakt\">ordin\u00e1cie Dr. Anny Me\u0161i.<\/a><\/b><a style=\"color: #da4167;\" href=\"\/sk\/kontakt\"> <\/a>Na\u0161a ordin\u00e1cia sa nach\u00e1dza v Kisa\u010di, bl\u00edzko Nov\u00e9ho Sadu v Srbsku.<\/p>\n<\/div><\/div><\/div><div class=\"fusion-layout-column fusion_builder_column fusion-builder-column-2 awb-sticky awb-sticky-small awb-sticky-medium awb-sticky-large fusion-flex-column\" style=\"--awb-padding-top:66px;--awb-bg-size:cover;--awb-width-large:27%;--awb-margin-top-large:0px;--awb-spacing-right-large:7.1111111111111%;--awb-margin-bottom-large:20px;--awb-spacing-left-large:0%;--awb-width-medium:27%;--awb-order-medium:0;--awb-spacing-right-medium:7.1111111111111%;--awb-spacing-left-medium:0%;--awb-width-small:100%;--awb-order-small:0;--awb-spacing-right-small:1.92%;--awb-spacing-left-small:1.92%;\"><div class=\"fusion-column-wrapper fusion-column-has-shadow fusion-flex-justify-content-flex-start fusion-content-layout-column\"><div class=\"fusion-separator fusion-full-width-sep\" style=\"align-self: center;margin-left: auto;margin-right: auto;margin-top:25px;width:100%;\"><div class=\"fusion-separator-border sep-single sep-solid\" style=\"--awb-height:20px;--awb-amount:20px;--awb-sep-color:var(--awb-color4);border-color:var(--awb-color4);border-top-width:6px;\"><\/div><\/div><div class=\"fusion-text fusion-text-4 fusion-text-no-margin\" style=\"--awb-font-size:24px;--awb-margin-top:25px;--awb-margin-bottom:10px;\"><p><b>Pre\u010d\u00edtajte si viac z blogu<\/b><\/p>\n<\/div><div class=\"fusion-recent-posts fusion-recent-posts-1 avada-container layout-default layout-columns-1\" style=\"--h3_typography-font-family:-apple-system, BlinkMacSystemFont, &#039;Segoe UI&#039;, Roboto, Oxygen-Sans, Ubuntu, Cantarell, &#039;Helvetica Neue&#039; ,sans-serif;--h3_typography-font-weight:400;--h3_typography-font-style:normal;--h3_typography-font-size:16px;\"><section class=\"fusion-columns columns fusion-columns-1 columns-1\"><article class=\"post fusion-column column col col-lg-12 col-md-12 col-sm-12\"><div class=\"recent-posts-content\"><span class=\"vcard\" style=\"display: none;\"><span class=\"fn\"><a href=\"https:\/\/dentalmesi.com\/sk\/blog\/author\/dent\/\" title=\"Posts by \" rel=\"author\"><\/a><\/span><\/span><span class=\"updated\" style=\"display:none;\">2024-02-09T13:15:32+00:00<\/span><h3 class=\"entry-title\"><a href=\"https:\/\/dentalmesi.com\/sk\/blog\/ako-prekonat-strach-zo-zubneho-lekara-tipy-na-udrzanie-zdravia-ustnej-dutiny\/\">AKO PREKONA\u0164 STRACH ZO ZUBN\u00c9HO LEK\u00c1RA: Tipy na udr\u017eanie zdravia \u00fastnej dutiny<\/a><\/h3><\/div><\/article><article class=\"post fusion-column column col col-lg-12 col-md-12 col-sm-12\"><div class=\"recent-posts-content\"><span class=\"vcard\" style=\"display: none;\"><span class=\"fn\"><a href=\"https:\/\/dentalmesi.com\/sk\/blog\/author\/dent\/\" title=\"Posts by \" rel=\"author\"><\/a><\/span><\/span><span class=\"updated\" style=\"display:none;\">2024-02-09T13:16:02+00:00<\/span><h3 class=\"entry-title\"><a href=\"https:\/\/dentalmesi.com\/sk\/blog\/esteticka-stomatologia-procedura-pre-dokonaly-usmev\/\">ESTETICK\u00c1 STOMATOLOGIA: Proced\u00fara pre Dokonal\u00fd \u00dasmev<\/a><\/h3><\/div><\/article><article class=\"post fusion-column column col col-lg-12 col-md-12 col-sm-12\"><div class=\"recent-posts-content\"><span class=\"vcard\" style=\"display: none;\"><span class=\"fn\"><a href=\"https:\/\/dentalmesi.com\/sk\/blog\/author\/dent\/\" title=\"Posts by \" rel=\"author\"><\/a><\/span><\/span><span class=\"updated\" style=\"display:none;\">2024-02-09T13:16:21+00:00<\/span><h3 class=\"entry-title\"><a href=\"https:\/\/dentalmesi.com\/sk\/blog\/starostlivost-o-zdravie-zubov-u-deti-rady-pre-rodicov\/\">STAROSTLIVOS\u0164 O\u00a0ZDRAVIE ZUBOV U\u00a0DET\u00cd: Rady pre rodi\u010dov<\/a><\/h3><\/div><\/article><article class=\"post fusion-column column col col-lg-12 col-md-12 col-sm-12\"><div class=\"recent-posts-content\"><span class=\"vcard\" style=\"display: none;\"><span class=\"fn\"><a href=\"https:\/\/dentalmesi.com\/sk\/blog\/author\/dent\/\" title=\"Posts by \" rel=\"author\"><\/a><\/span><\/span><span class=\"updated\" style=\"display:none;\">2024-02-09T13:16:32+00:00<\/span><h3 class=\"entry-title\"><a href=\"https:\/\/dentalmesi.com\/sk\/blog\/strata-zubov-mozne-nasledky\/\">STRATA ZUBOV: Mo\u017en\u00e9 n\u00e1sledky?<\/a><\/h3><\/div><\/article><article class=\"post fusion-column column col col-lg-12 col-md-12 col-sm-12\"><div class=\"recent-posts-content\"><span class=\"vcard\" style=\"display: none;\"><span class=\"fn\"><a href=\"https:\/\/dentalmesi.com\/sk\/blog\/author\/dent\/\" title=\"Posts by \" rel=\"author\"><\/a><\/span><\/span><span class=\"updated\" style=\"display:none;\">2024-02-09T13:16:43+00:00<\/span><h3 class=\"entry-title\"><a href=\"https:\/\/dentalmesi.com\/sk\/blog\/bielenie-zubov-vsetko-co-potrebujete-vediet-pred-zakrokom\/\">BIELENIE ZUBOV \u2013 V\u0161etko, \u010do potrebujete vedie\u0165 pred z\u00e1krokom<\/a><\/h3><\/div><\/article><article class=\"post fusion-column column col col-lg-12 col-md-12 col-sm-12\"><div class=\"recent-posts-content\"><span class=\"vcard\" style=\"display: none;\"><span class=\"fn\"><a href=\"https:\/\/dentalmesi.com\/sk\/blog\/author\/dent\/\" title=\"Posts by \" rel=\"author\"><\/a><\/span><\/span><span class=\"updated\" style=\"display:none;\">2024-02-09T13:16:54+00:00<\/span><h3 class=\"entry-title\"><a href=\"https:\/\/dentalmesi.com\/sk\/blog\/metalokeramicke-kovovo-porcelanove-alebo-bezkovove-korunky-ktore-si-vybrat\/\">Metalokeramick\u00e9 (kovovo-porcel\u00e1nov\u00e9) alebo bezkovov\u00e9 korunky, ktor\u00e9 si vybra\u0165?<\/a><\/h3><\/div><\/article><\/section><\/div><\/div><\/div><\/div><\/div><\/p>\n","protected":false},"excerpt":{"rendered":"","protected":false},"author":1,"featured_media":0,"parent":1011,"menu_order":0,"comment_status":"closed","ping_status":"closed","template":"100-width.php","meta":{"footnotes":""},"class_list":["post-1338","page","type-page","status-publish","hentry"],"yoast_head":"<!-- This site is optimized with the Yoast SEO plugin v27.4 - https:\/\/yoast.com\/product\/yoast-seo-wordpress\/ -->\n<title>Implantol\u00f3gia - Zubn\u00e1 ambulancia &quot;Dental Me\u0161i&quot;<\/title>\n<meta name=\"robots\" content=\"index, follow, max-snippet:-1, max-image-preview:large, max-video-preview:-1\" \/>\n<link rel=\"canonical\" href=\"https:\/\/dentalmesi.com\/sk\/sluzby\/implantologia\/\" \/>\n<meta property=\"og:locale\" content=\"en_US\" \/>\n<meta property=\"og:type\" content=\"article\" \/>\n<meta property=\"og:title\" content=\"Implantol\u00f3gia - Zubn\u00e1 ambulancia &quot;Dental Me\u0161i&quot;\" \/>\n<meta property=\"og:url\" content=\"https:\/\/dentalmesi.com\/sk\/sluzby\/implantologia\/\" \/>\n<meta property=\"og:site_name\" content=\"Zubn\u00e1 ambulancia &quot;Dental Me\u0161i&quot;\" \/>\n<meta property=\"article:publisher\" content=\"https:\/\/www.facebook.com\/dranamesi\" \/>\n<meta property=\"article:modified_time\" content=\"2024-02-07T19:16:55+00:00\" \/>\n<meta property=\"og:image\" content=\"https:\/\/dentalmesi.com\/sk\/wp-content\/uploads\/sites\/3\/2023\/10\/ortodoncija.jpg\" \/>\n\t<meta property=\"og:image:width\" content=\"1032\" \/>\n\t<meta property=\"og:image:height\" content=\"991\" \/>\n\t<meta property=\"og:image:type\" content=\"image\/jpeg\" \/>\n<meta name=\"twitter:card\" content=\"summary_large_image\" \/>\n<meta name=\"twitter:label1\" content=\"Est. reading time\" \/>\n\t<meta name=\"twitter:data1\" content=\"2 minutes\" \/>\n<script type=\"application\/ld+json\" class=\"yoast-schema-graph\">{\"@context\":\"https:\\\/\\\/schema.org\",\"@graph\":[{\"@type\":\"WebPage\",\"@id\":\"https:\\\/\\\/dentalmesi.com\\\/sk\\\/sluzby\\\/implantologia\\\/\",\"url\":\"https:\\\/\\\/dentalmesi.com\\\/sk\\\/sluzby\\\/implantologia\\\/\",\"name\":\"Implantol\u00f3gia - Zubn\u00e1 ambulancia &quot;Dental Me\u0161i&quot;\",\"isPartOf\":{\"@id\":\"https:\\\/\\\/dentalmesi.com\\\/sk\\\/#website\"},\"datePublished\":\"2023-11-24T17:35:07+00:00\",\"dateModified\":\"2024-02-07T19:16:55+00:00\",\"breadcrumb\":{\"@id\":\"https:\\\/\\\/dentalmesi.com\\\/sk\\\/sluzby\\\/implantologia\\\/#breadcrumb\"},\"inLanguage\":\"en-US\",\"potentialAction\":[{\"@type\":\"ReadAction\",\"target\":[\"https:\\\/\\\/dentalmesi.com\\\/sk\\\/sluzby\\\/implantologia\\\/\"]}]},{\"@type\":\"BreadcrumbList\",\"@id\":\"https:\\\/\\\/dentalmesi.com\\\/sk\\\/sluzby\\\/implantologia\\\/#breadcrumb\",\"itemListElement\":[{\"@type\":\"ListItem\",\"position\":1,\"name\":\"Po\u010detna\",\"item\":\"https:\\\/\\\/dentalmesi.com\\\/sk\\\/\"},{\"@type\":\"ListItem\",\"position\":2,\"name\":\"Slu\u017eby\",\"item\":\"https:\\\/\\\/dentalmesi.com\\\/sk\\\/sluzby\\\/\"},{\"@type\":\"ListItem\",\"position\":3,\"name\":\"Implantol\u00f3gia\"}]},{\"@type\":\"WebSite\",\"@id\":\"https:\\\/\\\/dentalmesi.com\\\/sk\\\/#website\",\"url\":\"https:\\\/\\\/dentalmesi.com\\\/sk\\\/\",\"name\":\"Stomatolo\u0161ka ordinacija Dr Ana Me\u0161i - Kisa\u010d\",\"description\":\"Zubn\u00e1 ambulancia\",\"potentialAction\":[{\"@type\":\"SearchAction\",\"target\":{\"@type\":\"EntryPoint\",\"urlTemplate\":\"https:\\\/\\\/dentalmesi.com\\\/sk\\\/?s={search_term_string}\"},\"query-input\":{\"@type\":\"PropertyValueSpecification\",\"valueRequired\":true,\"valueName\":\"search_term_string\"}}],\"inLanguage\":\"en-US\"}]}<\/script>\n<!-- \/ Yoast SEO plugin. -->","yoast_head_json":{"title":"Implantol\u00f3gia - Zubn\u00e1 ambulancia &quot;Dental Me\u0161i&quot;","robots":{"index":"index","follow":"follow","max-snippet":"max-snippet:-1","max-image-preview":"max-image-preview:large","max-video-preview":"max-video-preview:-1"},"canonical":"https:\/\/dentalmesi.com\/sk\/sluzby\/implantologia\/","og_locale":"en_US","og_type":"article","og_title":"Implantol\u00f3gia - Zubn\u00e1 ambulancia &quot;Dental Me\u0161i&quot;","og_url":"https:\/\/dentalmesi.com\/sk\/sluzby\/implantologia\/","og_site_name":"Zubn\u00e1 ambulancia &quot;Dental Me\u0161i&quot;","article_publisher":"https:\/\/www.facebook.com\/dranamesi","article_modified_time":"2024-02-07T19:16:55+00:00","og_image":[{"width":1032,"height":991,"url":"https:\/\/dentalmesi.com\/sk\/wp-content\/uploads\/sites\/3\/2023\/10\/ortodoncija.jpg","type":"image\/jpeg"}],"twitter_card":"summary_large_image","twitter_misc":{"Est. reading time":"2 minutes"},"schema":{"@context":"https:\/\/schema.org","@graph":[{"@type":"WebPage","@id":"https:\/\/dentalmesi.com\/sk\/sluzby\/implantologia\/","url":"https:\/\/dentalmesi.com\/sk\/sluzby\/implantologia\/","name":"Implantol\u00f3gia - Zubn\u00e1 ambulancia &quot;Dental Me\u0161i&quot;","isPartOf":{"@id":"https:\/\/dentalmesi.com\/sk\/#website"},"datePublished":"2023-11-24T17:35:07+00:00","dateModified":"2024-02-07T19:16:55+00:00","breadcrumb":{"@id":"https:\/\/dentalmesi.com\/sk\/sluzby\/implantologia\/#breadcrumb"},"inLanguage":"en-US","potentialAction":[{"@type":"ReadAction","target":["https:\/\/dentalmesi.com\/sk\/sluzby\/implantologia\/"]}]},{"@type":"BreadcrumbList","@id":"https:\/\/dentalmesi.com\/sk\/sluzby\/implantologia\/#breadcrumb","itemListElement":[{"@type":"ListItem","position":1,"name":"Po\u010detna","item":"https:\/\/dentalmesi.com\/sk\/"},{"@type":"ListItem","position":2,"name":"Slu\u017eby","item":"https:\/\/dentalmesi.com\/sk\/sluzby\/"},{"@type":"ListItem","position":3,"name":"Implantol\u00f3gia"}]},{"@type":"WebSite","@id":"https:\/\/dentalmesi.com\/sk\/#website","url":"https:\/\/dentalmesi.com\/sk\/","name":"Stomatolo\u0161ka ordinacija Dr Ana Me\u0161i - Kisa\u010d","description":"Zubn\u00e1 ambulancia","potentialAction":[{"@type":"SearchAction","target":{"@type":"EntryPoint","urlTemplate":"https:\/\/dentalmesi.com\/sk\/?s={search_term_string}"},"query-input":{"@type":"PropertyValueSpecification","valueRequired":true,"valueName":"search_term_string"}}],"inLanguage":"en-US"}]}},"_links":{"self":[{"href":"https:\/\/dentalmesi.com\/sk\/wp-json\/wp\/v2\/pages\/1338","targetHints":{"allow":["GET"]}}],"collection":[{"href":"https:\/\/dentalmesi.com\/sk\/wp-json\/wp\/v2\/pages"}],"about":[{"href":"https:\/\/dentalmesi.com\/sk\/wp-json\/wp\/v2\/types\/page"}],"author":[{"embeddable":true,"href":"https:\/\/dentalmesi.com\/sk\/wp-json\/wp\/v2\/users\/1"}],"replies":[{"embeddable":true,"href":"https:\/\/dentalmesi.com\/sk\/wp-json\/wp\/v2\/comments?post=1338"}],"version-history":[{"count":13,"href":"https:\/\/dentalmesi.com\/sk\/wp-json\/wp\/v2\/pages\/1338\/revisions"}],"predecessor-version":[{"id":1779,"href":"https:\/\/dentalmesi.com\/sk\/wp-json\/wp\/v2\/pages\/1338\/revisions\/1779"}],"up":[{"embeddable":true,"href":"https:\/\/dentalmesi.com\/sk\/wp-json\/wp\/v2\/pages\/1011"}],"wp:attachment":[{"href":"https:\/\/dentalmesi.com\/sk\/wp-json\/wp\/v2\/media?parent=1338"}],"curies":[{"name":"wp","href":"https:\/\/api.w.org\/{rel}","templated":true}]}}