{"id":1220,"date":"2023-11-16T15:57:41","date_gmt":"2023-11-16T15:57:41","guid":{"rendered":"https:\/\/dentalmesi.com\/sk\/?page_id=1220"},"modified":"2024-02-07T19:16:16","modified_gmt":"2024-02-07T19:16:16","slug":"endodoncia","status":"publish","type":"page","link":"https:\/\/dentalmesi.com\/sk\/sluzby\/endodoncia\/","title":{"rendered":"Endodoncia"},"content":{"rendered":"<p><div class=\"fusion-fullwidth fullwidth-box fusion-builder-row-1 fusion-flex-container has-pattern-background has-mask-background fusion-parallax-none hundred-percent-fullwidth non-hundred-percent-height-scrolling lazyload\" style=\"--awb-background-position:center bottom;--awb-border-radius-top-left:0px;--awb-border-radius-top-right:0px;--awb-border-radius-bottom-right:0px;--awb-border-radius-bottom-left:0px;--awb-padding-top:122px;--awb-padding-right:0px;--awb-padding-bottom:104px;--awb-margin-top:96px;--awb-margin-top-small:60px;--awb-background-color:var(--awb-color6);--awb-background-image:linear-gradient(220deg, #383838 0%,rgba(48,48,48,0.3) 100%);;--awb-background-size:cover;--awb-flex-wrap:wrap;\" data-bg=\"https:\/\/dentalmesi.com\/sk\/wp-content\/uploads\/sites\/3\/2023\/11\/endodoncija.jpg\" data-bg-gradient=\"linear-gradient(220deg, #383838 0%,rgba(48,48,48,0.3) 100%)\" ><div class=\"fusion-builder-row fusion-row fusion-flex-align-items-flex-start fusion-flex-justify-content-center fusion-flex-content-wrap\" style=\"width:104% !important;max-width:104% !important;margin-left: calc(-4% \/ 2 );margin-right: calc(-4% \/ 2 );\"><div class=\"fusion-layout-column fusion_builder_column fusion-builder-column-0 fusion_builder_column_1_1 1_1 fusion-flex-column\" style=\"--awb-bg-size:cover;--awb-width-large:100%;--awb-margin-top-large:0px;--awb-spacing-right-large:1.92%;--awb-margin-bottom-large:20px;--awb-spacing-left-large:1.92%;--awb-width-medium:100%;--awb-order-medium:0;--awb-spacing-right-medium:1.92%;--awb-spacing-left-medium:1.92%;--awb-width-small:100%;--awb-order-small:0;--awb-spacing-right-small:1.92%;--awb-spacing-left-small:1.92%;\"><div class=\"fusion-column-wrapper fusion-column-has-shadow fusion-flex-justify-content-flex-start fusion-content-layout-column\"><div class=\"fusion-title title fusion-title-1 fusion-sep-none fusion-title-center fusion-title-text fusion-title-size-one\" style=\"--awb-text-color:var(--awb-color1);--awb-margin-top:0px;--awb-margin-bottom:0px;--awb-font-size:40px;\"><h1 class=\"fusion-title-heading title-heading-center\" style=\"margin:0;font-size:1em;\">Endodoncia<\/h1><\/div><\/div><\/div><\/div><\/div><div class=\"fusion-fullwidth fullwidth-box fusion-builder-row-2 fusion-flex-container has-pattern-background has-mask-background nonhundred-percent-fullwidth non-hundred-percent-height-scrolling\" style=\"--awb-border-radius-top-left:0px;--awb-border-radius-top-right:0px;--awb-border-radius-bottom-right:0px;--awb-border-radius-bottom-left:0px;--awb-padding-top:0px;--awb-padding-right-small:30px;--awb-padding-left-small:30px;--awb-margin-top:0px;--awb-background-size:cover;--awb-flex-wrap:wrap;\" ><div class=\"fusion-builder-row fusion-row fusion-flex-align-items-flex-start fusion-flex-content-wrap\" style=\"max-width:1227.2px;margin-left: calc(-4% \/ 2 );margin-right: calc(-4% \/ 2 );\"><div class=\"fusion-layout-column fusion_builder_column fusion-builder-column-1 fusion-flex-column\" style=\"--awb-padding-top:44px;--awb-bg-size:cover;--awb-width-large:73%;--awb-margin-top-large:28px;--awb-spacing-right-large:4.9972602739726%;--awb-margin-bottom-large:20px;--awb-spacing-left-large:4.8657534246575%;--awb-width-medium:73%;--awb-order-medium:0;--awb-spacing-right-medium:4.9972602739726%;--awb-spacing-left-medium:4.8657534246575%;--awb-width-small:100%;--awb-order-small:0;--awb-spacing-right-small:1.92%;--awb-spacing-left-small:1.92%;\" id=\"uvod\"><div class=\"fusion-column-wrapper fusion-column-has-shadow fusion-flex-justify-content-flex-start fusion-content-layout-column\"><div class=\"fusion-title title fusion-title-2 fusion-sep-none fusion-title-text fusion-title-size-two\" style=\"--awb-margin-bottom:20px;--awb-font-size:37px;\"><h2 class=\"fusion-title-heading title-heading-left\" style=\"margin:0;font-size:1em;\">\u010c\u00edm sa zaober\u00e1 endodoncia?<\/h2><\/div><div class=\"fusion-separator fusion-full-width-sep\" style=\"align-self: center;margin-left: auto;margin-right: auto;margin-bottom:30px;width:100%;\"><div class=\"fusion-separator-border sep-single sep-solid\" style=\"--awb-height:20px;--awb-amount:20px;border-color:var(--awb-color3);border-top-width:1px;\"><\/div><\/div><div class=\"fusion-image-element \" style=\"--awb-aspect-ratio:16 \/ 9;--awb-object-position:46% 52%;--awb-caption-title-font-family:var(--h2_typography-font-family);--awb-caption-title-font-weight:var(--h2_typography-font-weight);--awb-caption-title-font-style:var(--h2_typography-font-style);--awb-caption-title-size:var(--h2_typography-font-size);--awb-caption-title-transform:var(--h2_typography-text-transform);--awb-caption-title-line-height:var(--h2_typography-line-height);--awb-caption-title-letter-spacing:var(--h2_typography-letter-spacing);\"><span class=\" fusion-imageframe imageframe-none imageframe-1 hover-type-none has-aspect-ratio\"><img decoding=\"async\" width=\"1030\" height=\"573\" title=\"endodoncija-1\" src=\"https:\/\/dentalmesi.com\/sk\/wp-content\/uploads\/sites\/3\/2023\/11\/endodoncija-1.jpg\" data-orig-src=\"https:\/\/dentalmesi.com\/sk\/wp-content\/uploads\/sites\/3\/2023\/11\/endodoncija-1.jpg\" class=\"lazyload img-responsive wp-image-1226 img-with-aspect-ratio\" data-parent-fit=\"cover\" data-parent-container=\".fusion-image-element\" alt srcset=\"data:image\/svg+xml,%3Csvg%20xmlns%3D%27http%3A%2F%2Fwww.w3.org%2F2000%2Fsvg%27%20width%3D%271030%27%20height%3D%27573%27%20viewBox%3D%270%200%201030%20573%27%3E%3Crect%20width%3D%271030%27%20height%3D%27573%27%20fill-opacity%3D%220%22%2F%3E%3C%2Fsvg%3E\" data-srcset=\"https:\/\/dentalmesi.com\/sk\/wp-content\/uploads\/sites\/3\/2023\/11\/endodoncija-1-200x111.jpg 200w, https:\/\/dentalmesi.com\/sk\/wp-content\/uploads\/sites\/3\/2023\/11\/endodoncija-1-400x223.jpg 400w, https:\/\/dentalmesi.com\/sk\/wp-content\/uploads\/sites\/3\/2023\/11\/endodoncija-1-600x334.jpg 600w, https:\/\/dentalmesi.com\/sk\/wp-content\/uploads\/sites\/3\/2023\/11\/endodoncija-1-800x445.jpg 800w, https:\/\/dentalmesi.com\/sk\/wp-content\/uploads\/sites\/3\/2023\/11\/endodoncija-1.jpg 1030w\" data-sizes=\"auto\" data-orig-sizes=\"(max-width: 640px) 100vw, 1030px\" \/><\/span><\/div><div class=\"fusion-text fusion-text-1\" style=\"--awb-text-transform:none;--awb-text-color:var(--awb-color8);--awb-margin-top:20px;\"><p><b>Endodoncia je odvetvie stomatol\u00f3gie, ktor\u00e9 sa zaober\u00e1 lie\u010dbou kore\u0148ov\u00fdch kan\u00e1likov, t.j. chorej drene &#8211; pulpy (&#8220;nervu&#8221;).<\/b> Pr\u00ed\u010dinou ochorenia zubnej drene m\u00f4\u017ee by\u0165 zubn\u00fd kaz, parodontopatia, zv\u00fd\u0161en\u00e9 opotrebovanie zubnej hmoty, trauma a protetick\u00e9 br\u00fasenie. V\u00e4\u010d\u0161ina ochoren\u00ed zubnej drene je sprev\u00e1dzan\u00e1 intenz\u00edvnou boles\u0165ou.<\/p>\n<\/div><div class=\"fusion-separator fusion-full-width-sep\" style=\"align-self: center;margin-left: auto;margin-right: auto;margin-top:10px;margin-bottom:10px;width:100%;\"><div class=\"fusion-separator-border sep-single sep-solid\" style=\"--awb-height:20px;--awb-amount:20px;border-color:var(--awb-color3);border-top-width:1px;\"><\/div><\/div><div class=\"fusion-title title fusion-title-3 fusion-sep-none fusion-title-text fusion-title-size-two\" style=\"--awb-margin-top:35px;--awb-font-size:27px;\"><h2 class=\"fusion-title-heading title-heading-left\" style=\"margin:0;font-size:1em;text-transform:uppercase;\">O\u0160ETRENIE KORE\u0147OV\u00ddCH KAN\u00c1LOV<\/h2><\/div><div class=\"fusion-text fusion-text-2\" style=\"--awb-text-transform:none;--awb-text-color:var(--awb-color8);--awb-margin-top:20px;\"><p>Z\u00e1krok zah\u0155\u0148a odstr\u00e1nenie obsahu kore\u0148ov\u00e9ho kan\u00e1lika, mechanick\u00e9 a <span style=\"color: var(--awb-text-color); font-family: var(--awb-text-font-family); font-size: var(--awb-font-size); font-style: var(--awb-text-font-style); font-weight: var(--awb-text-font-weight); letter-spacing: var(--awb-letter-spacing); text-align: var(--awb-content-alignment); text-transform: var(--awb-text-transform); background-color: var(--awb-bg-color-hover);\">medikament\u00f3zne o\u0161etrenie kan\u00e1lika a jeho definit\u00edvnu v\u00fdpl\u0148, ktor\u00e1 zabr\u00e1ni extrakcii <\/span><span style=\"color: var(--awb-text-color); font-family: var(--awb-text-font-family); font-size: var(--awb-font-size); font-style: var(--awb-text-font-style); font-weight: var(--awb-text-font-weight); letter-spacing: var(--awb-letter-spacing); text-align: var(--awb-content-alignment); text-transform: var(--awb-text-transform); background-color: var(--awb-bg-color-hover);\">zuba a umo\u017en\u00ed jeho dlhodob\u00fa trvanlivos\u0165 v \u00fastnej dutine. Tak\u00fdto zub sa \u010falej o\u0161etr\u00ed <\/span><span style=\"color: var(--awb-text-color); font-family: var(--awb-text-font-family); font-size: var(--awb-font-size); font-style: var(--awb-text-font-style); font-weight: var(--awb-text-font-weight); letter-spacing: var(--awb-letter-spacing); text-align: var(--awb-content-alignment); text-transform: var(--awb-text-transform); background-color: var(--awb-bg-color-hover);\">v\u00fdpl\u0148ou \u2013 plombou alebo protetickou nadstavbou a korunkou a zub sa vracia do <\/span><span style=\"color: var(--awb-text-color); font-family: var(--awb-text-font-family); font-size: var(--awb-font-size); font-style: var(--awb-text-font-style); font-weight: var(--awb-text-font-weight); letter-spacing: var(--awb-letter-spacing); text-align: var(--awb-content-alignment); text-transform: var(--awb-text-transform); background-color: var(--awb-bg-color-hover);\">funkcie.<\/span><\/p>\n<\/div><div class=\"fusion-title title fusion-title-4 fusion-sep-none fusion-title-text fusion-title-size-two\" style=\"--awb-margin-top:35px;--awb-font-size:27px;\"><h2 class=\"fusion-title-heading title-heading-left\" style=\"margin:0;font-size:1em;text-transform:uppercase;\">REV\u00cdZIA O\u0160ETRENIA KORE\u0147OV\u00ddCH KAN\u00c1LOV<\/h2><\/div><div class=\"fusion-text fusion-text-3\" style=\"--awb-text-transform:none;--awb-text-color:var(--awb-color8);--awb-margin-top:20px;\"><p>Okrem vytrhnutia zubn\u00e9ho nervu a vyplnenia kan\u00e1lika m\u00f4\u017ee v ur\u010dit\u00fdch situ\u00e1ci\u00e1ch d\u00f4js\u0165 <span style=\"color: var(--awb-text-color); font-family: var(--awb-text-font-family); font-size: var(--awb-font-size); font-style: var(--awb-text-font-style); font-weight: var(--awb-text-font-weight); letter-spacing: var(--awb-letter-spacing); text-align: var(--awb-content-alignment); text-transform: var(--awb-text-transform); background-color: var(--awb-bg-color-hover);\">k infekcii. Ke\u010f k tomu d\u00f4jde, star\u00e1 v\u00fdpl\u0148 kan\u00e1la sa mus\u00ed odstr\u00e1ni\u0165. Kore\u0148ov\u00fd kan\u00e1lik <\/span><span style=\"color: var(--awb-text-color); font-family: var(--awb-text-font-family); font-size: var(--awb-font-size); font-style: var(--awb-text-font-style); font-weight: var(--awb-text-font-weight); letter-spacing: var(--awb-letter-spacing); text-align: var(--awb-content-alignment); text-transform: var(--awb-text-transform); background-color: var(--awb-bg-color-hover);\">zuba sa roz\u0161iruje, aby sa odstr\u00e1nila infikovan\u00e1 \u010das\u0165. V \u010fal\u0161ej f\u00e1ze sa vypln\u00ed kore\u0148ov\u00fd <\/span><span style=\"color: var(--awb-text-color); font-family: var(--awb-text-font-family); font-size: var(--awb-font-size); font-style: var(--awb-text-font-style); font-weight: var(--awb-text-font-weight); letter-spacing: var(--awb-letter-spacing); text-align: var(--awb-content-alignment); text-transform: var(--awb-text-transform); background-color: var(--awb-bg-color-hover);\">kan\u00e1lik a zub sa uzavrie bielou plombou.<\/span><\/p>\n<p>Pri o\u0161etrovan\u00ed kore\u0148ov\u00fdch kan\u00e1likov pou\u017e\u00edvame kvalitn\u00e9 materi\u00e1ly a mechanick\u00e9 <span style=\"color: var(--awb-text-color); font-family: var(--awb-text-font-family); font-size: var(--awb-font-size); font-style: var(--awb-text-font-style); font-weight: var(--awb-text-font-weight); letter-spacing: var(--awb-letter-spacing); text-align: var(--awb-content-alignment); text-transform: var(--awb-text-transform); background-color: var(--awb-bg-color-hover);\">spracovanie kan\u00e1lika. Po ukon\u010den\u00ed lie\u010dby je povinn\u00e1 r\u00e1diologick\u00e1 kontrola (zobrazenie) <\/span><span style=\"color: var(--awb-text-color); font-family: var(--awb-text-font-family); font-size: var(--awb-font-size); font-style: var(--awb-text-font-style); font-weight: var(--awb-text-font-weight); letter-spacing: var(--awb-letter-spacing); text-align: var(--awb-content-alignment); text-transform: var(--awb-text-transform); background-color: var(--awb-bg-color-hover);\">zubov.<\/span><\/p>\n<\/div><div class=\"fusion-separator fusion-full-width-sep\" style=\"align-self: center;margin-left: auto;margin-right: auto;margin-top:20px;margin-bottom:20px;width:100%;\"><div class=\"fusion-separator-border sep-single sep-solid\" style=\"--awb-height:20px;--awb-amount:20px;border-color:var(--awb-color3);border-top-width:1px;\"><\/div><\/div><div class=\"fusion-text fusion-text-4\" style=\"--awb-text-transform:none;--awb-text-color:var(--awb-color8);--awb-margin-top:20px;\"><p>Pre v\u0161etky ot\u00e1zky a konzult\u00e1cie je tu <b>V\u00e1\u0161 t\u00edm zubnej <a style=\"color: #da4167;\" href=\"\/sk\/kontakt\">ordin\u00e1cie Dr. Anny Me\u0161i.<\/a><\/b><a style=\"color: #da4167;\" href=\"\/sk\/kontakt\"> <\/a>Na\u0161a ordin\u00e1cia sa nach\u00e1dza v Kisa\u010di, bl\u00edzko Nov\u00e9ho Sadu v Srbsku.<\/p>\n<\/div><\/div><\/div><div class=\"fusion-layout-column fusion_builder_column fusion-builder-column-2 awb-sticky awb-sticky-small awb-sticky-medium awb-sticky-large fusion-flex-column\" style=\"--awb-padding-top:66px;--awb-bg-size:cover;--awb-width-large:27%;--awb-margin-top-large:0px;--awb-spacing-right-large:7.1111111111111%;--awb-margin-bottom-large:20px;--awb-spacing-left-large:0%;--awb-width-medium:27%;--awb-order-medium:0;--awb-spacing-right-medium:7.1111111111111%;--awb-spacing-left-medium:0%;--awb-width-small:100%;--awb-order-small:0;--awb-spacing-right-small:1.92%;--awb-spacing-left-small:1.92%;\"><div class=\"fusion-column-wrapper fusion-column-has-shadow fusion-flex-justify-content-flex-start fusion-content-layout-column\"><div class=\"fusion-separator fusion-full-width-sep\" style=\"align-self: center;margin-left: auto;margin-right: auto;margin-top:25px;width:100%;\"><div class=\"fusion-separator-border sep-single sep-solid\" style=\"--awb-height:20px;--awb-amount:20px;--awb-sep-color:var(--awb-color4);border-color:var(--awb-color4);border-top-width:6px;\"><\/div><\/div><div class=\"fusion-text fusion-text-5 fusion-text-no-margin\" style=\"--awb-font-size:24px;--awb-margin-top:25px;--awb-margin-bottom:10px;\"><p><b>Pre\u010d\u00edtajte si viac z blogu<\/b><\/p>\n<\/div><div class=\"fusion-recent-posts fusion-recent-posts-1 avada-container layout-default layout-columns-1\" style=\"--h3_typography-font-family:-apple-system, BlinkMacSystemFont, &#039;Segoe UI&#039;, Roboto, Oxygen-Sans, Ubuntu, Cantarell, &#039;Helvetica Neue&#039; ,sans-serif;--h3_typography-font-weight:400;--h3_typography-font-style:normal;--h3_typography-font-size:16px;\"><section class=\"fusion-columns columns fusion-columns-1 columns-1\"><article class=\"post fusion-column column col col-lg-12 col-md-12 col-sm-12\"><div class=\"recent-posts-content\"><span class=\"vcard\" style=\"display: none;\"><span class=\"fn\"><a href=\"https:\/\/dentalmesi.com\/sk\/blog\/author\/dent\/\" title=\"Posts by \" rel=\"author\"><\/a><\/span><\/span><span class=\"updated\" style=\"display:none;\">2024-02-09T13:15:32+00:00<\/span><h3 class=\"entry-title\"><a href=\"https:\/\/dentalmesi.com\/sk\/blog\/ako-prekonat-strach-zo-zubneho-lekara-tipy-na-udrzanie-zdravia-ustnej-dutiny\/\">AKO PREKONA\u0164 STRACH ZO ZUBN\u00c9HO LEK\u00c1RA: Tipy na udr\u017eanie zdravia \u00fastnej dutiny<\/a><\/h3><\/div><\/article><article class=\"post fusion-column column col col-lg-12 col-md-12 col-sm-12\"><div class=\"recent-posts-content\"><span class=\"vcard\" style=\"display: none;\"><span class=\"fn\"><a href=\"https:\/\/dentalmesi.com\/sk\/blog\/author\/dent\/\" title=\"Posts by \" rel=\"author\"><\/a><\/span><\/span><span class=\"updated\" style=\"display:none;\">2024-02-09T13:16:02+00:00<\/span><h3 class=\"entry-title\"><a href=\"https:\/\/dentalmesi.com\/sk\/blog\/esteticka-stomatologia-procedura-pre-dokonaly-usmev\/\">ESTETICK\u00c1 STOMATOLOGIA: Proced\u00fara pre Dokonal\u00fd \u00dasmev<\/a><\/h3><\/div><\/article><article class=\"post fusion-column column col col-lg-12 col-md-12 col-sm-12\"><div class=\"recent-posts-content\"><span class=\"vcard\" style=\"display: none;\"><span class=\"fn\"><a href=\"https:\/\/dentalmesi.com\/sk\/blog\/author\/dent\/\" title=\"Posts by \" rel=\"author\"><\/a><\/span><\/span><span class=\"updated\" style=\"display:none;\">2024-02-09T13:16:21+00:00<\/span><h3 class=\"entry-title\"><a href=\"https:\/\/dentalmesi.com\/sk\/blog\/starostlivost-o-zdravie-zubov-u-deti-rady-pre-rodicov\/\">STAROSTLIVOS\u0164 O\u00a0ZDRAVIE ZUBOV U\u00a0DET\u00cd: Rady pre rodi\u010dov<\/a><\/h3><\/div><\/article><article class=\"post fusion-column column col col-lg-12 col-md-12 col-sm-12\"><div class=\"recent-posts-content\"><span class=\"vcard\" style=\"display: none;\"><span class=\"fn\"><a href=\"https:\/\/dentalmesi.com\/sk\/blog\/author\/dent\/\" title=\"Posts by \" rel=\"author\"><\/a><\/span><\/span><span class=\"updated\" style=\"display:none;\">2024-02-09T13:16:32+00:00<\/span><h3 class=\"entry-title\"><a href=\"https:\/\/dentalmesi.com\/sk\/blog\/strata-zubov-mozne-nasledky\/\">STRATA ZUBOV: Mo\u017en\u00e9 n\u00e1sledky?<\/a><\/h3><\/div><\/article><article class=\"post fusion-column column col col-lg-12 col-md-12 col-sm-12\"><div class=\"recent-posts-content\"><span class=\"vcard\" style=\"display: none;\"><span class=\"fn\"><a href=\"https:\/\/dentalmesi.com\/sk\/blog\/author\/dent\/\" title=\"Posts by \" rel=\"author\"><\/a><\/span><\/span><span class=\"updated\" style=\"display:none;\">2024-02-09T13:16:43+00:00<\/span><h3 class=\"entry-title\"><a href=\"https:\/\/dentalmesi.com\/sk\/blog\/bielenie-zubov-vsetko-co-potrebujete-vediet-pred-zakrokom\/\">BIELENIE ZUBOV \u2013 V\u0161etko, \u010do potrebujete vedie\u0165 pred z\u00e1krokom<\/a><\/h3><\/div><\/article><article class=\"post fusion-column column col col-lg-12 col-md-12 col-sm-12\"><div class=\"recent-posts-content\"><span class=\"vcard\" style=\"display: none;\"><span class=\"fn\"><a href=\"https:\/\/dentalmesi.com\/sk\/blog\/author\/dent\/\" title=\"Posts by \" rel=\"author\"><\/a><\/span><\/span><span class=\"updated\" style=\"display:none;\">2024-02-09T13:16:54+00:00<\/span><h3 class=\"entry-title\"><a href=\"https:\/\/dentalmesi.com\/sk\/blog\/metalokeramicke-kovovo-porcelanove-alebo-bezkovove-korunky-ktore-si-vybrat\/\">Metalokeramick\u00e9 (kovovo-porcel\u00e1nov\u00e9) alebo bezkovov\u00e9 korunky, ktor\u00e9 si vybra\u0165?<\/a><\/h3><\/div><\/article><\/section><\/div><\/div><\/div><\/div><\/div><\/p>\n","protected":false},"excerpt":{"rendered":"","protected":false},"author":1,"featured_media":0,"parent":1011,"menu_order":0,"comment_status":"closed","ping_status":"closed","template":"100-width.php","meta":{"footnotes":""},"class_list":["post-1220","page","type-page","status-publish","hentry"],"yoast_head":"<!-- This site is optimized with the Yoast SEO plugin v27.4 - https:\/\/yoast.com\/product\/yoast-seo-wordpress\/ -->\n<title>Endodoncia - Zubn\u00e1 ambulancia &quot;Dental Me\u0161i&quot;<\/title>\n<meta name=\"robots\" content=\"index, follow, max-snippet:-1, max-image-preview:large, max-video-preview:-1\" \/>\n<link rel=\"canonical\" href=\"https:\/\/dentalmesi.com\/sk\/sluzby\/endodoncia\/\" \/>\n<meta property=\"og:locale\" content=\"en_US\" \/>\n<meta property=\"og:type\" content=\"article\" \/>\n<meta property=\"og:title\" content=\"Endodoncia - Zubn\u00e1 ambulancia &quot;Dental Me\u0161i&quot;\" \/>\n<meta property=\"og:url\" content=\"https:\/\/dentalmesi.com\/sk\/sluzby\/endodoncia\/\" \/>\n<meta property=\"og:site_name\" content=\"Zubn\u00e1 ambulancia &quot;Dental Me\u0161i&quot;\" \/>\n<meta property=\"article:publisher\" content=\"https:\/\/www.facebook.com\/dranamesi\" \/>\n<meta property=\"article:modified_time\" content=\"2024-02-07T19:16:16+00:00\" \/>\n<meta property=\"og:image\" content=\"https:\/\/dentalmesi.com\/sk\/wp-content\/uploads\/sites\/3\/2023\/10\/ortodoncija.jpg\" \/>\n\t<meta property=\"og:image:width\" content=\"1032\" \/>\n\t<meta property=\"og:image:height\" content=\"991\" \/>\n\t<meta property=\"og:image:type\" content=\"image\/jpeg\" \/>\n<meta name=\"twitter:card\" content=\"summary_large_image\" \/>\n<meta name=\"twitter:label1\" content=\"Est. reading time\" \/>\n\t<meta name=\"twitter:data1\" content=\"2 minutes\" \/>\n<script type=\"application\/ld+json\" class=\"yoast-schema-graph\">{\"@context\":\"https:\\\/\\\/schema.org\",\"@graph\":[{\"@type\":\"WebPage\",\"@id\":\"https:\\\/\\\/dentalmesi.com\\\/sk\\\/sluzby\\\/endodoncia\\\/\",\"url\":\"https:\\\/\\\/dentalmesi.com\\\/sk\\\/sluzby\\\/endodoncia\\\/\",\"name\":\"Endodoncia - Zubn\u00e1 ambulancia &quot;Dental Me\u0161i&quot;\",\"isPartOf\":{\"@id\":\"https:\\\/\\\/dentalmesi.com\\\/sk\\\/#website\"},\"datePublished\":\"2023-11-16T15:57:41+00:00\",\"dateModified\":\"2024-02-07T19:16:16+00:00\",\"breadcrumb\":{\"@id\":\"https:\\\/\\\/dentalmesi.com\\\/sk\\\/sluzby\\\/endodoncia\\\/#breadcrumb\"},\"inLanguage\":\"en-US\",\"potentialAction\":[{\"@type\":\"ReadAction\",\"target\":[\"https:\\\/\\\/dentalmesi.com\\\/sk\\\/sluzby\\\/endodoncia\\\/\"]}]},{\"@type\":\"BreadcrumbList\",\"@id\":\"https:\\\/\\\/dentalmesi.com\\\/sk\\\/sluzby\\\/endodoncia\\\/#breadcrumb\",\"itemListElement\":[{\"@type\":\"ListItem\",\"position\":1,\"name\":\"Po\u010detna\",\"item\":\"https:\\\/\\\/dentalmesi.com\\\/sk\\\/\"},{\"@type\":\"ListItem\",\"position\":2,\"name\":\"Slu\u017eby\",\"item\":\"https:\\\/\\\/dentalmesi.com\\\/sk\\\/sluzby\\\/\"},{\"@type\":\"ListItem\",\"position\":3,\"name\":\"Endodoncia\"}]},{\"@type\":\"WebSite\",\"@id\":\"https:\\\/\\\/dentalmesi.com\\\/sk\\\/#website\",\"url\":\"https:\\\/\\\/dentalmesi.com\\\/sk\\\/\",\"name\":\"Stomatolo\u0161ka ordinacija Dr Ana Me\u0161i - Kisa\u010d\",\"description\":\"Zubn\u00e1 ambulancia\",\"potentialAction\":[{\"@type\":\"SearchAction\",\"target\":{\"@type\":\"EntryPoint\",\"urlTemplate\":\"https:\\\/\\\/dentalmesi.com\\\/sk\\\/?s={search_term_string}\"},\"query-input\":{\"@type\":\"PropertyValueSpecification\",\"valueRequired\":true,\"valueName\":\"search_term_string\"}}],\"inLanguage\":\"en-US\"}]}<\/script>\n<!-- \/ Yoast SEO plugin. -->","yoast_head_json":{"title":"Endodoncia - Zubn\u00e1 ambulancia &quot;Dental Me\u0161i&quot;","robots":{"index":"index","follow":"follow","max-snippet":"max-snippet:-1","max-image-preview":"max-image-preview:large","max-video-preview":"max-video-preview:-1"},"canonical":"https:\/\/dentalmesi.com\/sk\/sluzby\/endodoncia\/","og_locale":"en_US","og_type":"article","og_title":"Endodoncia - Zubn\u00e1 ambulancia &quot;Dental Me\u0161i&quot;","og_url":"https:\/\/dentalmesi.com\/sk\/sluzby\/endodoncia\/","og_site_name":"Zubn\u00e1 ambulancia &quot;Dental Me\u0161i&quot;","article_publisher":"https:\/\/www.facebook.com\/dranamesi","article_modified_time":"2024-02-07T19:16:16+00:00","og_image":[{"width":1032,"height":991,"url":"https:\/\/dentalmesi.com\/sk\/wp-content\/uploads\/sites\/3\/2023\/10\/ortodoncija.jpg","type":"image\/jpeg"}],"twitter_card":"summary_large_image","twitter_misc":{"Est. reading time":"2 minutes"},"schema":{"@context":"https:\/\/schema.org","@graph":[{"@type":"WebPage","@id":"https:\/\/dentalmesi.com\/sk\/sluzby\/endodoncia\/","url":"https:\/\/dentalmesi.com\/sk\/sluzby\/endodoncia\/","name":"Endodoncia - Zubn\u00e1 ambulancia &quot;Dental Me\u0161i&quot;","isPartOf":{"@id":"https:\/\/dentalmesi.com\/sk\/#website"},"datePublished":"2023-11-16T15:57:41+00:00","dateModified":"2024-02-07T19:16:16+00:00","breadcrumb":{"@id":"https:\/\/dentalmesi.com\/sk\/sluzby\/endodoncia\/#breadcrumb"},"inLanguage":"en-US","potentialAction":[{"@type":"ReadAction","target":["https:\/\/dentalmesi.com\/sk\/sluzby\/endodoncia\/"]}]},{"@type":"BreadcrumbList","@id":"https:\/\/dentalmesi.com\/sk\/sluzby\/endodoncia\/#breadcrumb","itemListElement":[{"@type":"ListItem","position":1,"name":"Po\u010detna","item":"https:\/\/dentalmesi.com\/sk\/"},{"@type":"ListItem","position":2,"name":"Slu\u017eby","item":"https:\/\/dentalmesi.com\/sk\/sluzby\/"},{"@type":"ListItem","position":3,"name":"Endodoncia"}]},{"@type":"WebSite","@id":"https:\/\/dentalmesi.com\/sk\/#website","url":"https:\/\/dentalmesi.com\/sk\/","name":"Stomatolo\u0161ka ordinacija Dr Ana Me\u0161i - Kisa\u010d","description":"Zubn\u00e1 ambulancia","potentialAction":[{"@type":"SearchAction","target":{"@type":"EntryPoint","urlTemplate":"https:\/\/dentalmesi.com\/sk\/?s={search_term_string}"},"query-input":{"@type":"PropertyValueSpecification","valueRequired":true,"valueName":"search_term_string"}}],"inLanguage":"en-US"}]}},"_links":{"self":[{"href":"https:\/\/dentalmesi.com\/sk\/wp-json\/wp\/v2\/pages\/1220","targetHints":{"allow":["GET"]}}],"collection":[{"href":"https:\/\/dentalmesi.com\/sk\/wp-json\/wp\/v2\/pages"}],"about":[{"href":"https:\/\/dentalmesi.com\/sk\/wp-json\/wp\/v2\/types\/page"}],"author":[{"embeddable":true,"href":"https:\/\/dentalmesi.com\/sk\/wp-json\/wp\/v2\/users\/1"}],"replies":[{"embeddable":true,"href":"https:\/\/dentalmesi.com\/sk\/wp-json\/wp\/v2\/comments?post=1220"}],"version-history":[{"count":9,"href":"https:\/\/dentalmesi.com\/sk\/wp-json\/wp\/v2\/pages\/1220\/revisions"}],"predecessor-version":[{"id":1776,"href":"https:\/\/dentalmesi.com\/sk\/wp-json\/wp\/v2\/pages\/1220\/revisions\/1776"}],"up":[{"embeddable":true,"href":"https:\/\/dentalmesi.com\/sk\/wp-json\/wp\/v2\/pages\/1011"}],"wp:attachment":[{"href":"https:\/\/dentalmesi.com\/sk\/wp-json\/wp\/v2\/media?parent=1220"}],"curies":[{"name":"wp","href":"https:\/\/api.w.org\/{rel}","templated":true}]}}